{"id":424,"date":"2025-08-20T15:02:17","date_gmt":"2025-08-20T13:02:17","guid":{"rendered":"https:\/\/gebirgsverein-services.at\/lilienfelder-huette\/?page_id=424"},"modified":"2025-09-19T12:11:44","modified_gmt":"2025-09-19T10:11:44","slug":"impressum","status":"publish","type":"page","link":"https:\/\/gebirgsverein-services.at\/lilienfelder-huette\/impressum\/","title":{"rendered":"Impressum"},"content":{"rendered":"\t\t<div data-elementor-type=\"wp-page\" data-elementor-id=\"424\" class=\"elementor elementor-424\" data-elementor-post-type=\"page\">\n\t\t\t\t\t\t<section class=\"elementor-section elementor-top-section elementor-element elementor-element-64184cec elementor-section-full_width elementor-section-height-default elementor-section-height-default\" data-id=\"64184cec\" data-element_type=\"section\" data-settings=\"{&quot;background_background&quot;:&quot;classic&quot;}\">\n\t\t\t\t\t\t<div class=\"elementor-container elementor-column-gap-default\">\n\t\t\t\t\t<div class=\"elementor-column elementor-col-100 elementor-top-column elementor-element elementor-element-44731970\" data-id=\"44731970\" data-element_type=\"column\">\n\t\t\t<div class=\"elementor-widget-wrap elementor-element-populated\">\n\t\t\t\t\t\t<div class=\"elementor-element elementor-element-75188349 elementor-widget elementor-widget-heading\" data-id=\"75188349\" data-element_type=\"widget\" data-widget_type=\"heading.default\">\n\t\t\t\t<div class=\"elementor-widget-container\">\n\t\t\t\t\t<h1 class=\"elementor-heading-title elementor-size-default\">IMPRESSUM<\/h1>\t\t\t\t<\/div>\n\t\t\t\t<\/div>\n\t\t\t\t\t<\/div>\n\t\t<\/div>\n\t\t\t\t\t<\/div>\n\t\t<\/section>\n\t\t\t\t<section class=\"elementor-section elementor-top-section elementor-element elementor-element-6a1c236d elementor-section-boxed elementor-section-height-default elementor-section-height-default\" data-id=\"6a1c236d\" data-element_type=\"section\">\n\t\t\t\t\t\t<div class=\"elementor-container elementor-column-gap-default\">\n\t\t\t\t\t<div class=\"elementor-column elementor-col-100 elementor-top-column elementor-element elementor-element-3a2f8845\" data-id=\"3a2f8845\" data-element_type=\"column\">\n\t\t\t<div class=\"elementor-widget-wrap elementor-element-populated\">\n\t\t\t\t\t\t<section class=\"elementor-section elementor-inner-section elementor-element elementor-element-13b037d elementor-section-boxed elementor-section-height-default elementor-section-height-default\" data-id=\"13b037d\" data-element_type=\"section\">\n\t\t\t\t\t\t<div class=\"elementor-container elementor-column-gap-default\">\n\t\t\t\t\t<div class=\"elementor-column elementor-col-100 elementor-inner-column elementor-element elementor-element-3213516\" data-id=\"3213516\" data-element_type=\"column\">\n\t\t\t<div class=\"elementor-widget-wrap elementor-element-populated\">\n\t\t\t\t\t\t<div class=\"elementor-element elementor-element-2daf4f63 elementor-widget elementor-widget-text-editor\" data-id=\"2daf4f63\" data-element_type=\"widget\" data-widget_type=\"text-editor.default\">\n\t\t\t\t<div class=\"elementor-widget-container\">\n\t\t\t\t\t\t\t\t\t<h3>Medieninhaber:<\/h3><p>Sabine Grasmann<\/p><h3><strong>Eigent\u00fcmer<\/strong>:<\/h3><p>Alpenverein Gebirgsverein<br \/>Lerchenfelder Stra\u00dfe 28, A-1080 Wien<br \/><strong>ZVR-Zahl:<\/strong> 989190235<\/p><h3>Adresse:<\/h3><p>Gschwendt 1, A-3180 Lilienfeld<\/p><h3>Telefon:<\/h3><p><a href=\"tel:+436764079398\">+43 676 40 79 39 8<\/a><\/p><h3>E-Mail:<\/h3><p><a href=\"mailto:lilienfelderhuette@gebirgsverein.at\" target=\"_blank\" rel=\"noopener\">lilienfelderhuette@gebirgsverein.at<\/a><\/p><h3>WEITERE INFORMATIONEN:<\/h3><p><a href=\"https:\/\/www.alpenverein.at\/lilienfelderhuette\">https:\/\/www.alpenverein.at\/lilienfelderhuette<\/a><\/p><h3>Urheberrechtshinweis:<\/h3><p>Alle Inhalte dieser Webseite (Bilder, Fotos, Texte, Videos) unterliegen dem Urheberrecht. Falls notwendig, werden wir die unerlaubte Nutzung von Teilen der Inhalte unserer Seite rechtlich verfolgen. Sollten Sie auf dieser Webseite Inhalte finden, die das Urheberrecht verletzen, bitten wir Sie uns zu kontaktieren.<\/p><h3>Bildernachweis:<\/h3><p>Die Bilder, Fotos und Grafiken auf dieser Webseite sind urheberrechtlich gesch\u00fctzt. Die Bilderrechte liegen bei den folgenden Fotografen und Unternehmen:<\/p><ul><li><a href=\"https:\/\/www.fox-fox.at\">FOX &amp; FOX OG<\/a><\/li><\/ul><h4><strong>\ud83d\udcbb Website by: <a href=\"https:\/\/www.fox-fox.at\">FOX &amp; FOX OG<\/a><\/strong><\/h4>\t\t\t\t\t\t\t\t<\/div>\n\t\t\t\t<\/div>\n\t\t\t\t\t<\/div>\n\t\t<\/div>\n\t\t\t\t\t<\/div>\n\t\t<\/section>\n\t\t\t\t\t<\/div>\n\t\t<\/div>\n\t\t\t\t\t<\/div>\n\t\t<\/section>\n\t\t\t\t<section class=\"elementor-section elementor-top-section elementor-element elementor-element-2117ada4 elementor-section-boxed elementor-section-height-default elementor-section-height-default\" data-id=\"2117ada4\" data-element_type=\"section\">\n\t\t\t\t\t\t<div class=\"elementor-container elementor-column-gap-default\">\n\t\t\t\t\t<div class=\"elementor-column elementor-col-100 elementor-top-column elementor-element elementor-element-1a971bed\" data-id=\"1a971bed\" data-element_type=\"column\">\n\t\t\t<div class=\"elementor-widget-wrap elementor-element-populated\">\n\t\t\t\t\t\t<div class=\"elementor-element elementor-element-25524331 elementor-align-center elementor-widget elementor-widget-button\" data-id=\"25524331\" data-element_type=\"widget\" data-widget_type=\"button.default\">\n\t\t\t\t<div class=\"elementor-widget-container\">\n\t\t\t\t\t\t\t\t\t<div class=\"elementor-button-wrapper\">\n\t\t\t\t\t<a class=\"elementor-button elementor-button-link elementor-size-sm\" href=\"https:\/\/gebirgsverein-services.at\/lilienfelder-huette\/\">\n\t\t\t\t\t\t<span class=\"elementor-button-content-wrapper\">\n\t\t\t\t\t\t\t\t\t<span class=\"elementor-button-text\">Zur Startseite<\/span>\n\t\t\t\t\t<\/span>\n\t\t\t\t\t<\/a>\n\t\t\t\t<\/div>\n\t\t\t\t\t\t\t\t<\/div>\n\t\t\t\t<\/div>\n\t\t\t\t\t<\/div>\n\t\t<\/div>\n\t\t\t\t\t<\/div>\n\t\t<\/section>\n\t\t\t\t<\/div>\n\t\t","protected":false},"excerpt":{"rendered":"<p>IMPRESSUM Medieninhaber: Sabine Grasmann Eigent\u00fcmer: Alpenverein GebirgsvereinLerchenfelder Stra\u00dfe 28, A-1080 WienZVR-Zahl: 989190235 Adresse: Gschwendt 1, A-3180 Lilienfeld Telefon: +43 676 40 79 39 8 E-Mail: lilienfelderhuette@gebirgsverein.at WEITERE INFORMATIONEN: https:\/\/www.alpenverein.at\/lilienfelderhuette Urheberrechtshinweis: Alle Inhalte dieser Webseite (Bilder, Fotos, Texte, Videos) unterliegen dem Urheberrecht. Falls notwendig, werden wir die unerlaubte Nutzung von Teilen der Inhalte unserer Seite rechtlich [&hellip;]<\/p>\n","protected":false},"author":2,"featured_media":0,"parent":0,"menu_order":0,"comment_status":"closed","ping_status":"closed","template":"","meta":{"footnotes":""},"class_list":["post-424","page","type-page","status-publish","hentry"],"yoast_head":"<!-- This site is optimized with the Yoast SEO plugin v26.0 - https:\/\/yoast.com\/wordpress\/plugins\/seo\/ -->\n<title>Impressum - Lilienfelder H\u00fctte<\/title>\n<meta name=\"description\" content=\"Impressum\" \/>\n<meta name=\"robots\" content=\"noindex, nofollow\" \/>\n<meta property=\"og:locale\" content=\"de_DE\" \/>\n<meta property=\"og:type\" content=\"article\" \/>\n<meta property=\"og:title\" content=\"Impressum - Lilienfelder H\u00fctte\" \/>\n<meta property=\"og:description\" content=\"Impressum\" \/>\n<meta property=\"og:url\" content=\"https:\/\/gebirgsverein-services.at\/lilienfelder-huette\/impressum\/\" \/>\n<meta property=\"og:site_name\" content=\"Lilienfelder H\u00fctte\" \/>\n<meta property=\"article:publisher\" content=\"https:\/\/www.facebook.com\/profile.php?id=100057634891588\" \/>\n<meta property=\"article:modified_time\" content=\"2025-09-19T10:11:44+00:00\" \/>\n<meta property=\"og:image\" content=\"https:\/\/gebirgsverein-services.at\/lilienfelder-huette\/wp-content\/uploads\/2025\/04\/Lilienfelder-Huette-Start-1.jpg\" \/>\n\t<meta property=\"og:image:width\" content=\"1200\" \/>\n\t<meta property=\"og:image:height\" content=\"800\" \/>\n\t<meta property=\"og:image:type\" content=\"image\/jpeg\" \/>\n<script type=\"application\/ld+json\" class=\"yoast-schema-graph\">{\"@context\":\"https:\/\/schema.org\",\"@graph\":[{\"@type\":\"WebPage\",\"@id\":\"https:\/\/gebirgsverein-services.at\/lilienfelder-huette\/impressum\/\",\"url\":\"https:\/\/gebirgsverein-services.at\/lilienfelder-huette\/impressum\/\",\"name\":\"Impressum - Lilienfelder H\u00fctte\",\"isPartOf\":{\"@id\":\"https:\/\/gebirgsverein-services.at\/lilienfelder-huette\/#website\"},\"datePublished\":\"2025-08-20T13:02:17+00:00\",\"dateModified\":\"2025-09-19T10:11:44+00:00\",\"description\":\"Impressum\",\"breadcrumb\":{\"@id\":\"https:\/\/gebirgsverein-services.at\/lilienfelder-huette\/impressum\/#breadcrumb\"},\"inLanguage\":\"de-AT\",\"potentialAction\":[{\"@type\":\"ReadAction\",\"target\":[\"https:\/\/gebirgsverein-services.at\/lilienfelder-huette\/impressum\/\"]}]},{\"@type\":\"BreadcrumbList\",\"@id\":\"https:\/\/gebirgsverein-services.at\/lilienfelder-huette\/impressum\/#breadcrumb\",\"itemListElement\":[{\"@type\":\"ListItem\",\"position\":1,\"name\":\"Startseite\",\"item\":\"https:\/\/gebirgsverein-services.at\/lilienfelder-huette\/\"},{\"@type\":\"ListItem\",\"position\":2,\"name\":\"Impressum\"}]},{\"@type\":\"WebSite\",\"@id\":\"https:\/\/gebirgsverein-services.at\/lilienfelder-huette\/#website\",\"url\":\"https:\/\/gebirgsverein-services.at\/lilienfelder-huette\/\",\"name\":\"Lilienfelder H\u00fctte\",\"description\":\"H\u00fctte in Nieder\u00f6sterreich - Lilienfeld\",\"publisher\":{\"@id\":\"https:\/\/gebirgsverein-services.at\/lilienfelder-huette\/#organization\"},\"alternateName\":\"Berg H\u00fctte in Lilienfeld\",\"potentialAction\":[{\"@type\":\"SearchAction\",\"target\":{\"@type\":\"EntryPoint\",\"urlTemplate\":\"https:\/\/gebirgsverein-services.at\/lilienfelder-huette\/?s={search_term_string}\"},\"query-input\":{\"@type\":\"PropertyValueSpecification\",\"valueRequired\":true,\"valueName\":\"search_term_string\"}}],\"inLanguage\":\"de-AT\"},{\"@type\":\"Organization\",\"@id\":\"https:\/\/gebirgsverein-services.at\/lilienfelder-huette\/#organization\",\"name\":\"Lilienfelder H\u00fctte\",\"alternateName\":\"Berg H\u00fctte in Lilienfeld\",\"url\":\"https:\/\/gebirgsverein-services.at\/lilienfelder-huette\/\",\"logo\":{\"@type\":\"ImageObject\",\"inLanguage\":\"de-AT\",\"@id\":\"https:\/\/gebirgsverein-services.at\/lilienfelder-huette\/#\/schema\/logo\/image\/\",\"url\":\"https:\/\/gebirgsverein-services.at\/lilienfelder-huette\/wp-content\/uploads\/2025\/04\/Lilienfelderhuette-Logo_Logo-bunt.svg\",\"contentUrl\":\"https:\/\/gebirgsverein-services.at\/lilienfelder-huette\/wp-content\/uploads\/2025\/04\/Lilienfelderhuette-Logo_Logo-bunt.svg\",\"width\":471,\"height\":279,\"caption\":\"Lilienfelder H\u00fctte\"},\"image\":{\"@id\":\"https:\/\/gebirgsverein-services.at\/lilienfelder-huette\/#\/schema\/logo\/image\/\"},\"sameAs\":[\"https:\/\/www.facebook.com\/profile.php?id=100057634891588\",\"https:\/\/www.instagram.com\/lilienfelder_huette\/\"]}]}<\/script>\n<!-- \/ Yoast SEO plugin. -->","yoast_head_json":{"title":"Impressum - Lilienfelder H\u00fctte","description":"Impressum","robots":{"index":"noindex","follow":"nofollow"},"og_locale":"de_DE","og_type":"article","og_title":"Impressum - Lilienfelder H\u00fctte","og_description":"Impressum","og_url":"https:\/\/gebirgsverein-services.at\/lilienfelder-huette\/impressum\/","og_site_name":"Lilienfelder H\u00fctte","article_publisher":"https:\/\/www.facebook.com\/profile.php?id=100057634891588","article_modified_time":"2025-09-19T10:11:44+00:00","og_image":[{"width":1200,"height":800,"url":"https:\/\/gebirgsverein-services.at\/lilienfelder-huette\/wp-content\/uploads\/2025\/04\/Lilienfelder-Huette-Start-1.jpg","type":"image\/jpeg"}],"schema":{"@context":"https:\/\/schema.org","@graph":[{"@type":"WebPage","@id":"https:\/\/gebirgsverein-services.at\/lilienfelder-huette\/impressum\/","url":"https:\/\/gebirgsverein-services.at\/lilienfelder-huette\/impressum\/","name":"Impressum - Lilienfelder H\u00fctte","isPartOf":{"@id":"https:\/\/gebirgsverein-services.at\/lilienfelder-huette\/#website"},"datePublished":"2025-08-20T13:02:17+00:00","dateModified":"2025-09-19T10:11:44+00:00","description":"Impressum","breadcrumb":{"@id":"https:\/\/gebirgsverein-services.at\/lilienfelder-huette\/impressum\/#breadcrumb"},"inLanguage":"de-AT","potentialAction":[{"@type":"ReadAction","target":["https:\/\/gebirgsverein-services.at\/lilienfelder-huette\/impressum\/"]}]},{"@type":"BreadcrumbList","@id":"https:\/\/gebirgsverein-services.at\/lilienfelder-huette\/impressum\/#breadcrumb","itemListElement":[{"@type":"ListItem","position":1,"name":"Startseite","item":"https:\/\/gebirgsverein-services.at\/lilienfelder-huette\/"},{"@type":"ListItem","position":2,"name":"Impressum"}]},{"@type":"WebSite","@id":"https:\/\/gebirgsverein-services.at\/lilienfelder-huette\/#website","url":"https:\/\/gebirgsverein-services.at\/lilienfelder-huette\/","name":"Lilienfelder H\u00fctte","description":"H\u00fctte in Nieder\u00f6sterreich - Lilienfeld","publisher":{"@id":"https:\/\/gebirgsverein-services.at\/lilienfelder-huette\/#organization"},"alternateName":"Berg H\u00fctte in Lilienfeld","potentialAction":[{"@type":"SearchAction","target":{"@type":"EntryPoint","urlTemplate":"https:\/\/gebirgsverein-services.at\/lilienfelder-huette\/?s={search_term_string}"},"query-input":{"@type":"PropertyValueSpecification","valueRequired":true,"valueName":"search_term_string"}}],"inLanguage":"de-AT"},{"@type":"Organization","@id":"https:\/\/gebirgsverein-services.at\/lilienfelder-huette\/#organization","name":"Lilienfelder H\u00fctte","alternateName":"Berg H\u00fctte in Lilienfeld","url":"https:\/\/gebirgsverein-services.at\/lilienfelder-huette\/","logo":{"@type":"ImageObject","inLanguage":"de-AT","@id":"https:\/\/gebirgsverein-services.at\/lilienfelder-huette\/#\/schema\/logo\/image\/","url":"https:\/\/gebirgsverein-services.at\/lilienfelder-huette\/wp-content\/uploads\/2025\/04\/Lilienfelderhuette-Logo_Logo-bunt.svg","contentUrl":"https:\/\/gebirgsverein-services.at\/lilienfelder-huette\/wp-content\/uploads\/2025\/04\/Lilienfelderhuette-Logo_Logo-bunt.svg","width":471,"height":279,"caption":"Lilienfelder H\u00fctte"},"image":{"@id":"https:\/\/gebirgsverein-services.at\/lilienfelder-huette\/#\/schema\/logo\/image\/"},"sameAs":["https:\/\/www.facebook.com\/profile.php?id=100057634891588","https:\/\/www.instagram.com\/lilienfelder_huette\/"]}]}},"_links":{"self":[{"href":"https:\/\/gebirgsverein-services.at\/lilienfelder-huette\/wp-json\/wp\/v2\/pages\/424","targetHints":{"allow":["GET"]}}],"collection":[{"href":"https:\/\/gebirgsverein-services.at\/lilienfelder-huette\/wp-json\/wp\/v2\/pages"}],"about":[{"href":"https:\/\/gebirgsverein-services.at\/lilienfelder-huette\/wp-json\/wp\/v2\/types\/page"}],"author":[{"embeddable":true,"href":"https:\/\/gebirgsverein-services.at\/lilienfelder-huette\/wp-json\/wp\/v2\/users\/2"}],"replies":[{"embeddable":true,"href":"https:\/\/gebirgsverein-services.at\/lilienfelder-huette\/wp-json\/wp\/v2\/comments?post=424"}],"version-history":[{"count":13,"href":"https:\/\/gebirgsverein-services.at\/lilienfelder-huette\/wp-json\/wp\/v2\/pages\/424\/revisions"}],"predecessor-version":[{"id":543,"href":"https:\/\/gebirgsverein-services.at\/lilienfelder-huette\/wp-json\/wp\/v2\/pages\/424\/revisions\/543"}],"wp:attachment":[{"href":"https:\/\/gebirgsverein-services.at\/lilienfelder-huette\/wp-json\/wp\/v2\/media?parent=424"}],"curies":[{"name":"wp","href":"https:\/\/api.w.org\/{rel}","templated":true}]}}